{"id":3552,"date":"2018-05-19T12:21:25","date_gmt":"2018-05-19T10:21:25","guid":{"rendered":"https:\/\/news.lamprecht.net\/?page_id=3552"},"modified":"2021-03-16T15:38:12","modified_gmt":"2021-03-16T13:38:12","slug":"datenschutzbelehrung","status":"publish","type":"page","link":"https:\/\/news.lamprecht.net\/index.php\/datenschutzbelehrung\/","title":{"rendered":"Datenschutzbelehrung"},"content":{"rendered":"<p>Verantwortlicher<\/p>\n<p>Stephan Lamprecht<\/p>\n<p>Waldstr. 11<\/p>\n<p>22926 Ahrensburg<\/p>\n<p><a href=\"mailto:info@lamprecht.net\">info@lamprecht.net<\/a><\/p>\n<p>Datenschutz ist mir wichtig. Deswegen erl\u00e4utere ich Ihnen gern, was mit Ihren Daten passiert.<\/p>\n<p><strong>Hosting (Zugriff auf dieses Angebot)<\/strong><\/p>\n<p>Diese Seiten nutzen die Hosting-Leistungen eines Providers. Er stellt Speicherplatz, Rechenkapazit\u00e4t, Datenbanken und Wartungsdienstleistungen zur Verf\u00fcgung. Diese sind f\u00fcr den Betrieb dieses Angebots notwendig.<\/p>\n<p>Dabei verarbeitet der Anbieter auf Grundlage des berechtigten Interesses am Funktionieren dieses Angebots Ihre von Ihrem Zugangsprovider zugeteilte IP-Adresse. Dies erfolgt im Rahmen einer Auftragsdatenverarbeitung. Ohne die Verarbeitung der IP-Adresse ist technisch der Zugriff auf diese Seiten nicht m\u00f6glich.<\/p>\n<p><strong>Erhebung von Zugriffsdaten und Logfiles<\/strong><\/p>\n<p>Ich bzw. der Hostinganbieter erhebt auf Grundlage meiner berechtigten Interessen im Sinne der DSGVO Daten \u00fcber jeden Zugriff auf den Server, auf dem sich dieses Angebot. In diesen so genannten Logfiles werden Zugriffsdaten der Besucher erhoben, verarbeitet und gespeichert. Dazu geh\u00f6ren:<\/p>\n<ul>\n<li>Name der abgerufenen Webseite,<\/li>\n<li>Datei,<\/li>\n<li>Datum und Uhrzeit des Abrufs,<\/li>\n<li>\u00fcbertragene Datenmenge,<\/li>\n<li>Meldung \u00fcber erfolgreichen Abruf,<\/li>\n<li>Browsertyp nebst Version,<\/li>\n<li>das Betriebssystem des Nutzers,<\/li>\n<li>Referrer URL (die zuvor besuchte Seite),<\/li>\n<li>IP-Adresse und der Zugangsprovider des Besuchers.<\/li>\n<\/ul>\n<p>Diese Logfiles werden f\u00fcr die Dauer von 7 Tagen gespeichert und danach gel\u00f6scht. Die Speicherung erfolgt aus Sicherheitsgr\u00fcnden und damit meinem berechtigtem Interesse, um Missbrauchs- oder Betrugshandlungen aufkl\u00e4ren und beweisen zu k\u00f6nnen.<\/p>\n<p><strong>Amazon Partnerprogramm<\/strong><\/p>\n<p>Diese Webseite nimmt aus meinem berechtigten Interesse zum wirtschaftlichen Betrieb des Online-Angebots am Partnerprogramm von Amazon EU teil. Durch die Platzierung von Werbeanzeigen und Links zu Amazon.de erhalte ich eine Werbekostenerstattung. Amazon setzt Cookies ein, um die Herkunft der Bestellungen nachvollziehen zu k\u00f6nnen. Damit kann Amazon erkennen, dass Sie einen Partnerlink auf dieser Website geklickt und anschlie\u00dfend ein Produkt bei Amazon gekauft haben. Weitere Informationen zur Datennutzung durch Amazon und Widerspruchsm\u00f6glichkeiten erhalten Sie in der Datenschutzerkl\u00e4rung des Unternehmens: <a href=\"http:\/\/www.amazon.de\/gp\/help\/customer\/display.html\/ref=footer_privacy?ie=UTF8&amp;nodeId=3312401\">http:\/\/www.amazon.de\/gp\/help\/customer\/display.html\/ref=footer_privacy?ie=UTF8&amp;nodeId=3312401<\/a>.<\/p>\n<p><strong>Google Anzeigen<\/strong><\/p>\n<p>Ich nutze auf Grundlage meines berechtigten Interesses am wirtschaftlichen Betrieb des Onlineangebotes die \u201eGoogle-Marketing-Services\u201d der Google LLC, 1600 Amphitheatre Parkway, Mountain View, CA 94043, USA, (\u201eGoogle\u201c).<\/p>\n<p>Google ist unter dem Privacy-Shield-Abkommen zertifiziert und bietet hierdurch eine Garantie, das europ\u00e4ische Datenschutzrecht einzuhalten (<a href=\"https:\/\/www.privacyshield.gov\/participant?id=a2zt000000001L5AAI&amp;status=Active\">https:\/\/www.privacyshield.gov\/participant?id=a2zt000000001L5AAI&amp;status=Active<\/a>).<\/p>\n<p>Die Google-Marketing-Services erlauben mir Werbeanzeigen auf dieser Website anzuzeigen, um Ihnen nur Anzeigen zu pr\u00e4sentieren, die potentiell Ihren Interessen entsprechen. Zu diesem Zweck wird bei Aufruf dieser Webseiten, auf denen Google-Marketing-Services aktiv sind, unmittelbar durch Google ein Code von Google ausgef\u00fchrt und es werden sog. (Marketing-Tags in die Webseite eingebunden. So wird auf dem Ger\u00e4t der Besucher ein individuelles Cookie, d.h. eine kleine Datei abgespeichert (statt Cookies k\u00f6nnen auch vergleichbare Technologien verwendet werden). In dieser Datei wird vermerkt:<\/p>\n<ul>\n<li>Welche Webseiten der Nutzer aufgesucht hat,<\/li>\n<li>f\u00fcr welche Inhalte er sich interessiert<\/li>\n<li>und welche Angebote er geklickt hat,<\/li>\n<li>technische Informationen zum Browser und Betriebssystem,<\/li>\n<li>verweisende Webseiten,<\/li>\n<li>Besuchszeit sowie weitere Angaben zur Nutzung des Onlineangebotes.<\/li>\n<\/ul>\n<p>Es wird ebenfalls die IP-Adresse der Nutzer erfasst. Im \u00a0Rahmen von Google-Analytics wird die IP-Adresse innerhalb von Mitgliedstaaten der Europ\u00e4ischen Union gek\u00fcrzt und nur in Ausnahmef\u00e4llen ganz an einen Server von Google in den USA \u00fcbertragen. Ihre IP-Adresse wird nicht mit Ihren Daten innerhalb von anderen Angeboten von Google zusammengef\u00fchrt.<\/p>\n<p>Die Daten der Nutzer werden im Rahmen der Google-Marketing-Services pseudonym verarbeitet. Google speichert und verarbeitet z.B. nicht den Namen oder E-Mailadresse der Nutzer. Aus der Sicht von Google werden die Anzeigen nicht f\u00fcr eine konkret identifizierte Person verwaltet und angezeigt, sondern f\u00fcr den Cookie-Inhaber, unabh\u00e4ngig davon wer dieser Cookie-Inhaber ist. Dies gilt nicht, wenn ein Nutzer Google ausdr\u00fccklich erlaubt hat, die Daten ohne diese Pseudonymisierung zu verarbeiten. Die von Google-Marketing-Services \u00fcber die Nutzer gesammelten Informationen werden an Google \u00fcbermittelt und auf Googles Servern in den USA gespeichert. Zu den von uns eingesetzten Google-Marketing-Services \u201eAdSense\u201c. Damit kann ich Werbeanzeigen Dritter einbinden. AdSense verwendet Cookies, mit denen Google und seinen Partner-Websites, die Schaltung von Anzeigen auf Basis der Besuche von Nutzern auf dieser Seite erm\u00f6glicht wird. Weitere Informationen zur Datennutzung zu Marketingzwecken durch Google, erfahren Sie auf der \u00dcbersichtsseite: <a href=\"https:\/\/www.google.com\/policies\/technologies\/ads\">https:\/\/www.google.com\/policies\/technologies\/ads<\/a>, die Datenschutzerkl\u00e4rung von Google ist unter<a href=\"https:\/\/www.google.com\/policies\/privacy\"> https:\/\/www.google.com\/policies\/privacy<\/a> abrufbar. Wenn Sie der interessensbezogenen Werbung durch Google-Marketing-Services widersprechen m\u00f6chten, k\u00f6nnen Sie die von Google gestellten Einstellungs- und Opt-Out-M\u00f6glichkeiten nutzen: <a href=\"http:\/\/www.google.com\/ads\/preferences\">http:\/\/www.google.com\/ads\/preferences<\/a>.<\/p>\n<p><strong>Kommentare und Beitr\u00e4ge <\/strong><\/p>\n<p>Wenn Sie Kommentare oder sonstige Beitr\u00e4ge auf dieser Seite hinterlassen, werden ihre IP-Adressen auf Grundlage meiner berechtigten Interessen f\u00fcr 7 Tage gespeichert. Diese Speicherung dient meiner Sicherheit, falls in Kommentaren und Beitr\u00e4gen widerrechtliche Inhalte hinterlassen (z.B. Beleidigungen). In diesem Fall k\u00f6nnte ich selbst f\u00fcr solche Inhalte belangt werden. Daher bin ich an der Identit\u00e4t des Verfasser interessiert.<\/p>\n<p><strong>WordPress Stats<\/strong><\/p>\n<p>Ich nutze aus meinem berechtigten Interesse an der Wirtschaftlichkeit dieses Angebots die Erweiterung Jetpack (besonders die Funktion \u201eWordpress Stats\u201c). Damit binde ich einen Mechanismus zur statistischen Auswertung der Besucherzugriffe ein. Entwickler ist Automattic, Inc. 132 Hawthorne Street San Francisco, CA 94107, USA. Jetpack verwendet sog. \u201eCookies\u201c, Textdateien, die auf Ihrem Computer gespeichert werden und die eine Analyse der Benutzung der Website durch Sie erm\u00f6glichen.<\/p>\n<p>Automattic ist unter dem Privacy-Shield-Abkommen zertifiziert und bietet hierdurch eine Garantie, das europ\u00e4ische Datenschutzrecht einzuhalten <a href=\"http:\/\/(https:\/\/www.privacyshield.gov\/participant?id=a2zt0000000CbqcAAC&amp;status=Active\">(https:\/\/www.privacyshield.gov\/participant?id=a2zt0000000CbqcAAC&amp;status=Active<\/a>).<\/p>\n<p>Die vom \u00a0Cookie erzeugten Informationen \u00fcber Ihre Benutzung dieses Onlineangebotes werden auf einem Server in den USA gespeichert. Dabei k\u00f6nnen aus den verarbeiteten Daten Nutzungsprofile der Nutzer erstellt werden. Diese werden nur zur Analyse und nicht zu Werbezwecken eingesetzt werden. Weitere Informationen erhalten Sie in den Datenschutzerkl\u00e4rungen von Automattic: https:\/\/automattic.com\/privacy\/ und Hinweisen zu Jetpack-Cookies: <a href=\"https:\/\/jetpack.com\/support\/cookies\/\">https:\/\/jetpack.com\/support\/cookies\/<\/a>.<\/p>\n<h2>Cookies und Meldungen zu Zugriffszahlen<\/h2>\n<p>Wir setzen \u201eSession-Cookies\u201c der VG Wort, M\u00fcnchen, zur Messung von Zugriffen auf Texten ein, um die Kopierwahrscheinlichkeit zu erfassen. Session-Cookies sind kleine Informationseinheiten, die ein Anbieter im Arbeitsspeicher des Computers des Besuchers speichert. In einem Session-Cookie wird eine zuf\u00e4llig erzeugte eindeutige Identifikationsnummer abgelegt, eine sogenannte Session-ID. Au\u00dferdem enth\u00e4lt ein Cookie die Angabe \u00fcber seine Herkunft und die Speicherfrist. Session-Cookies k\u00f6nnen keine anderen Daten speichern. Diese Messungen werden von der Kantar Deutschland GmbH nach dem Skalierbaren Zentralen Messverfahren (SZM) durchgef\u00fchrt. Sie helfen dabei, die Kopierwahrscheinlichkeit einzelner Texte zur Verg\u00fctung von gesetzlichen Anspr\u00fcchen von Autoren und Verlagen zu ermitteln. Wir erfassen keine personenbezogenen Daten \u00fcber Cookies.<\/p>\n<p>Viele unserer Seiten sind mit JavaScript-Aufrufen versehen, \u00fcber die wir die Zugriffe an die Verwertungsgesellschaft Wort (VG Wort) melden.\u00a0[BITTE \u00dcBERPR\u00dcFEN, ob dies bei Ihnen der Fall ist!]\u00a0Wir erm\u00f6glichen damit, dass unsere Autoren an den Aussch\u00fcttungen der VG Wort partizipieren, die die gesetzliche Verg\u00fctung f\u00fcr die Nutzungen urheberrechtlich gesch\u00fctzter Werke gem. \u00a7 53 UrhG sicherstellen.<\/p>\n<p>Eine Nutzung unserer Angebote ist auch ohne Cookies m\u00f6glich. Die meisten Browser sind so eingestellt, dass sie Cookies automatisch akzeptieren. Sie k\u00f6nnen das Speichern von Cookies jedoch deaktivieren oder Ihren Browser so einstellen, dass er Sie benachrichtigt, sobald Cookies gesendet werden.<\/p>\n<h2>Datenschutzerkl\u00e4rung zur Nutzung des Skalierbaren Zentralen Messverfahrens<\/h2>\n<p>Unsere Website und unser mobiles Webangebot nutzen das \u201eSkalierbare Zentrale Messverfahren\u201c (SZM) der Kantar Deutschland GmbH f\u00fcr die Ermittlung statistischer Kennwerte zur Ermittlung der Kopierwahrscheinlichkeit von Texten.<\/p>\n<p>Dabei werden anonyme Messwerte erhoben. Die Zugriffszahlenmessung verwendet zur Wiedererkennung von Computersystemen alternativ ein Session-Cookie oder eine Signatur, die aus verschiedenen automatisch \u00fcbertragenen Informationen Ihres Browsers erstellt wird. IP-Adressen werden nur in anonymisierter Form verarbeitet.<\/p>\n<p>Das Verfahren wurde unter der Beachtung des Datenschutzes entwickelt. Einziges Ziel des Verfahrens ist es, die Kopierwahrscheinlichkeit einzelner Texte zu ermitteln.<\/p>\n<p>Zu keinem Zeitpunkt werden einzelne Nutzer identifiziert. Ihre Identit\u00e4t bleibt immer gesch\u00fctzt. Sie erhalten \u00fcber das System keine Werbung.<\/p>\n","protected":false},"excerpt":{"rendered":"<p>Verantwortlicher Stephan Lamprecht Waldstr. 11 22926 Ahrensburg info@lamprecht.net Datenschutz ist mir wichtig. Deswegen erl\u00e4utere ich Ihnen gern, was mit Ihren Daten passiert. Hosting (Zugriff auf dieses Angebot) Diese Seiten nutzen die Hosting-Leistungen eines Providers. Er stellt Speicherplatz, Rechenkapazit\u00e4t, Datenbanken und Wartungsdienstleistungen zur Verf\u00fcgung. Diese sind f\u00fcr den Betrieb dieses Angebots notwendig. Dabei verarbeitet der Anbieter&#8230;<\/p>\n","protected":false},"author":2,"featured_media":0,"parent":0,"menu_order":0,"comment_status":"closed","ping_status":"closed","template":"","meta":{"advanced_seo_description":"","jetpack_seo_html_title":"","jetpack_seo_noindex":false,"footnotes":""},"class_list":["post-3552","page","type-page","status-publish","hentry"],"wppr_data":{"cwp_meta_box_check":"No"},"jetpack_shortlink":"https:\/\/wp.me\/POKED-Vi","jetpack_sharing_enabled":true,"jetpack-related-posts":[{"id":244,"url":"https:\/\/news.lamprecht.net\/index.php\/impressum\/","url_meta":{"origin":3552,"position":0},"title":"Impressum","author":"Stephan Lamprecht, Ahrensburg","date":"17\/7\/2005","format":false,"excerpt":"Impressum Angaben gem\u00e4\u00df \u00a7 5 TMG Stephan Lamprecht Waldstr. 11 22926 Ahrensburg Vertreten durch: Stephan Lamprecht Kontakt: Telefon: 04102-200830 E-Mail: info@lamprecht.net Umsatzsteuer-ID: Umsatzsteuer-Identifikationsnummer gem\u00e4\u00df \u00a727a Umsatzsteuergesetz: DE283008941 Verantwortlich f\u00fcr den Inhalt nach \u00a7 55 Abs. 2 RStV: Stephan Lamprecht Waldstr. 11 22926 Ahrensburg Haftungsausschluss: Google Analytics Diese Website benutzt Google\u2026","rel":"","context":"In &quot;allgemein&quot;","block_context":{"text":"allgemein","link":"https:\/\/news.lamprecht.net\/index.php\/category\/stamm\/allgemein\/"},"img":{"alt_text":"","src":"","width":0,"height":0},"classes":[]},{"id":245,"url":"https:\/\/news.lamprecht.net\/index.php\/about\/","url_meta":{"origin":3552,"position":1},"title":"Wer schreibt hier?","author":"Stephan Lamprecht, Ahrensburg","date":"17\/7\/2005","format":false,"excerpt":"Seit Anfang der 90er Jahre arbeite ich erfolgreich als Journalist, Autor und Dozent. Einen meiner Schwerpunkte bilden IT und Technik. Ich schreibe aber auch gern \u00fcber Geschichte und Literatur (das habe ich mal studiert), Zeitmanagement und E-Commerce. 1996 habe ich einen der ersten deutschsprachigen Titel zum Thema Marketing im Internet\u2026","rel":"","context":"In &quot;allgemein&quot;","block_context":{"text":"allgemein","link":"https:\/\/news.lamprecht.net\/index.php\/category\/stamm\/allgemein\/"},"img":{"alt_text":"","src":"","width":0,"height":0},"classes":[]}],"_links":{"self":[{"href":"https:\/\/news.lamprecht.net\/index.php\/wp-json\/wp\/v2\/pages\/3552","targetHints":{"allow":["GET"]}}],"collection":[{"href":"https:\/\/news.lamprecht.net\/index.php\/wp-json\/wp\/v2\/pages"}],"about":[{"href":"https:\/\/news.lamprecht.net\/index.php\/wp-json\/wp\/v2\/types\/page"}],"author":[{"embeddable":true,"href":"https:\/\/news.lamprecht.net\/index.php\/wp-json\/wp\/v2\/users\/2"}],"replies":[{"embeddable":true,"href":"https:\/\/news.lamprecht.net\/index.php\/wp-json\/wp\/v2\/comments?post=3552"}],"version-history":[{"count":2,"href":"https:\/\/news.lamprecht.net\/index.php\/wp-json\/wp\/v2\/pages\/3552\/revisions"}],"predecessor-version":[{"id":3683,"href":"https:\/\/news.lamprecht.net\/index.php\/wp-json\/wp\/v2\/pages\/3552\/revisions\/3683"}],"wp:attachment":[{"href":"https:\/\/news.lamprecht.net\/index.php\/wp-json\/wp\/v2\/media?parent=3552"}],"curies":[{"name":"wp","href":"https:\/\/api.w.org\/{rel}","templated":true}]}}