{"id":245,"date":"2005-07-17T09:50:52","date_gmt":"2005-07-17T07:50:52","guid":{"rendered":"https:\/\/news.lamprecht.net\/index.php\/about\/"},"modified":"2025-12-25T12:28:20","modified_gmt":"2025-12-25T10:28:20","slug":"about","status":"publish","type":"page","link":"https:\/\/news.lamprecht.net\/index.php\/about\/","title":{"rendered":"Wer schreibt hier?"},"content":{"rendered":"<p>Seit Anfang der 90er Jahre arbeite ich erfolgreich als Journalist, Autor und Dozent. Einen meiner Schwerpunkte bilden IT und Technik. Ich schreibe aber auch gern \u00fcber Geschichte und Literatur (das habe ich mal studiert), Zeitmanagement und E-Commerce. 1996 habe ich einen der ersten deutschsprachigen Titel zum Thema Marketing im Internet verfasst.<\/p>\n<p>In meinen 20 Jahren Berufserfahrung habe ich nachweislich erfolgreich nicht nur als Selbstst\u00e4ndiger gearbeitet, sondern auch als Pressesprecher, Business Development Manager und Projektmanager. All dies mit und ohne Personalverantwortung.<\/p>\n<p>Dieses Blog ist so eine Art Tagebuch, Erinnerungshilfe und Tippsammlung.<\/p>\n","protected":false},"excerpt":{"rendered":"<p>Seit Anfang der 90er Jahre arbeite ich erfolgreich als Journalist, Autor und Dozent. Einen meiner Schwerpunkte bilden IT und Technik. Ich schreibe aber auch gern \u00fcber Geschichte und Literatur (das habe ich mal studiert), Zeitmanagement und E-Commerce. 1996 habe ich einen der ersten deutschsprachigen Titel zum Thema Marketing im Internet verfasst. In meinen 20 Jahren &hellip; <\/p>\n<p class=\"link-more\"><a href=\"https:\/\/news.lamprecht.net\/index.php\/about\/\" class=\"more-link\"><span class=\"screen-reader-text\">\u201eWer schreibt hier?\u201c <\/span>weiterlesen<\/a><\/p>\n","protected":false},"author":2,"featured_media":0,"parent":0,"menu_order":1,"comment_status":"closed","ping_status":"closed","template":"","meta":{"advanced_seo_description":"","jetpack_seo_html_title":"","jetpack_seo_noindex":false,"footnotes":""},"class_list":["post-245","page","type-page","status-publish","hentry"],"wppr_data":{"cwp_meta_box_check":"No"},"jetpack_shortlink":"https:\/\/wp.me\/POKED-3X","jetpack_sharing_enabled":true,"jetpack-related-posts":[{"id":3552,"url":"https:\/\/news.lamprecht.net\/index.php\/datenschutzbelehrung\/","url_meta":{"origin":245,"position":0},"title":"Datenschutzbelehrung","author":"Stephan Lamprecht, Ahrensburg","date":"19\/5\/2018","format":false,"excerpt":"Verantwortlicher Stephan Lamprecht Waldstr. 11 22926 Ahrensburg info@lamprecht.net Datenschutz ist mir wichtig. Deswegen erl\u00e4utere ich Ihnen gern, was mit Ihren Daten passiert. Hosting (Zugriff auf dieses Angebot) Diese Seiten nutzen die Hosting-Leistungen eines Providers. Er stellt Speicherplatz, Rechenkapazit\u00e4t, Datenbanken und Wartungsdienstleistungen zur Verf\u00fcgung. Diese sind f\u00fcr den Betrieb dieses Angebots\u2026","rel":"","context":"\u00c4hnlicher Beitrag","block_context":{"text":"\u00c4hnlicher Beitrag","link":""},"img":{"alt_text":"","src":"","width":0,"height":0},"classes":[]},{"id":244,"url":"https:\/\/news.lamprecht.net\/index.php\/impressum\/","url_meta":{"origin":245,"position":1},"title":"Impressum","author":"Stephan Lamprecht, Ahrensburg","date":"17\/7\/2005","format":false,"excerpt":"Impressum Angaben gem\u00e4\u00df \u00a7 5 TMG Stephan Lamprecht Waldstr. 11 22926 Ahrensburg Vertreten durch: Stephan Lamprecht Kontakt: Telefon: 04102-200830 E-Mail: info@lamprecht.net Umsatzsteuer-ID: Umsatzsteuer-Identifikationsnummer gem\u00e4\u00df \u00a727a Umsatzsteuergesetz: DE283008941 Verantwortlich f\u00fcr den Inhalt nach \u00a7 55 Abs. 2 RStV: Stephan Lamprecht Waldstr. 11 22926 Ahrensburg Haftungsausschluss: Google Analytics Diese Website benutzt Google\u2026","rel":"","context":"In &quot;allgemein&quot;","block_context":{"text":"allgemein","link":"https:\/\/news.lamprecht.net\/index.php\/category\/stamm\/allgemein\/"},"img":{"alt_text":"","src":"","width":0,"height":0},"classes":[]},{"id":1856,"url":"https:\/\/news.lamprecht.net\/index.php\/meine-homepage\/","url_meta":{"origin":245,"position":2},"title":"Meine Homepage","author":"Stephan Lamprecht, Ahrensburg","date":"19\/4\/2010","format":false,"excerpt":"http:\/\/www.lamprecht.net","rel":"","context":"In &quot;allgemein&quot;","block_context":{"text":"allgemein","link":"https:\/\/news.lamprecht.net\/index.php\/category\/stamm\/allgemein\/"},"img":{"alt_text":"","src":"","width":0,"height":0},"classes":[]},{"id":1593,"url":"https:\/\/news.lamprecht.net\/index.php\/kontakt\/","url_meta":{"origin":245,"position":3},"title":"Kontakt","author":"Stephan Lamprecht, Ahrensburg","date":"4\/9\/2009","format":false,"excerpt":"","rel":"","context":"In &quot;allgemein&quot;","block_context":{"text":"allgemein","link":"https:\/\/news.lamprecht.net\/index.php\/category\/stamm\/allgemein\/"},"img":{"alt_text":"","src":"","width":0,"height":0},"classes":[]}],"_links":{"self":[{"href":"https:\/\/news.lamprecht.net\/index.php\/wp-json\/wp\/v2\/pages\/245","targetHints":{"allow":["GET"]}}],"collection":[{"href":"https:\/\/news.lamprecht.net\/index.php\/wp-json\/wp\/v2\/pages"}],"about":[{"href":"https:\/\/news.lamprecht.net\/index.php\/wp-json\/wp\/v2\/types\/page"}],"author":[{"embeddable":true,"href":"https:\/\/news.lamprecht.net\/index.php\/wp-json\/wp\/v2\/users\/2"}],"replies":[{"embeddable":true,"href":"https:\/\/news.lamprecht.net\/index.php\/wp-json\/wp\/v2\/comments?post=245"}],"version-history":[{"count":8,"href":"https:\/\/news.lamprecht.net\/index.php\/wp-json\/wp\/v2\/pages\/245\/revisions"}],"predecessor-version":[{"id":3821,"href":"https:\/\/news.lamprecht.net\/index.php\/wp-json\/wp\/v2\/pages\/245\/revisions\/3821"}],"wp:attachment":[{"href":"https:\/\/news.lamprecht.net\/index.php\/wp-json\/wp\/v2\/media?parent=245"}],"curies":[{"name":"wp","href":"https:\/\/api.w.org\/{rel}","templated":true}]}}