{"id":1856,"date":"2010-04-19T10:14:48","date_gmt":"2010-04-19T08:14:48","guid":{"rendered":"https:\/\/news.lamprecht.net\/?page_id=1856"},"modified":"2010-04-19T10:14:48","modified_gmt":"2010-04-19T08:14:48","slug":"meine-homepage","status":"publish","type":"page","link":"https:\/\/news.lamprecht.net\/index.php\/meine-homepage\/","title":{"rendered":"Meine Homepage"},"content":{"rendered":"<p>http:\/\/www.lamprecht.net<\/p>\n","protected":false},"excerpt":{"rendered":"<p>http:\/\/www.lamprecht.net<\/p>\n","protected":false},"author":2,"featured_media":0,"parent":0,"menu_order":5,"comment_status":"open","ping_status":"open","template":"template-redirect.php","meta":{"advanced_seo_description":"","jetpack_seo_html_title":"","jetpack_seo_noindex":false,"footnotes":""},"class_list":["post-1856","page","type-page","status-publish","hentry"],"wppr_data":[],"jetpack_shortlink":"https:\/\/wp.me\/POKED-tW","jetpack_sharing_enabled":true,"jetpack-related-posts":[{"id":245,"url":"https:\/\/news.lamprecht.net\/index.php\/about\/","url_meta":{"origin":1856,"position":0},"title":"Wer schreibt hier?","author":"Stephan Lamprecht, Ahrensburg","date":"17\/7\/2005","format":false,"excerpt":"Seit Anfang der 90er Jahre arbeite ich erfolgreich als Journalist, Autor und Dozent. Einen meiner Schwerpunkte bilden IT und Technik. Ich schreibe aber auch gern \u00fcber Geschichte und Literatur (das habe ich mal studiert), Zeitmanagement und E-Commerce. 1996 habe ich einen der ersten deutschsprachigen Titel zum Thema Marketing im Internet\u2026","rel":"","context":"In &quot;allgemein&quot;","block_context":{"text":"allgemein","link":"https:\/\/news.lamprecht.net\/index.php\/category\/stamm\/allgemein\/"},"img":{"alt_text":"","src":"","width":0,"height":0},"classes":[]},{"id":1593,"url":"https:\/\/news.lamprecht.net\/index.php\/kontakt\/","url_meta":{"origin":1856,"position":1},"title":"Kontakt","author":"Stephan Lamprecht, Ahrensburg","date":"4\/9\/2009","format":false,"excerpt":"","rel":"","context":"In &quot;allgemein&quot;","block_context":{"text":"allgemein","link":"https:\/\/news.lamprecht.net\/index.php\/category\/stamm\/allgemein\/"},"img":{"alt_text":"","src":"","width":0,"height":0},"classes":[]},{"id":244,"url":"https:\/\/news.lamprecht.net\/index.php\/impressum\/","url_meta":{"origin":1856,"position":2},"title":"Impressum","author":"Stephan Lamprecht, Ahrensburg","date":"17\/7\/2005","format":false,"excerpt":"Impressum Angaben gem\u00e4\u00df \u00a7 5 TMG Stephan Lamprecht Waldstr. 11 22926 Ahrensburg Vertreten durch: Stephan Lamprecht Kontakt: Telefon: 04102-200830 E-Mail: info@lamprecht.net Umsatzsteuer-ID: Umsatzsteuer-Identifikationsnummer gem\u00e4\u00df \u00a727a Umsatzsteuergesetz: DE283008941 Verantwortlich f\u00fcr den Inhalt nach \u00a7 55 Abs. 2 RStV: Stephan Lamprecht Waldstr. 11 22926 Ahrensburg Haftungsausschluss: Google Analytics Diese Website benutzt Google\u2026","rel":"","context":"In &quot;allgemein&quot;","block_context":{"text":"allgemein","link":"https:\/\/news.lamprecht.net\/index.php\/category\/stamm\/allgemein\/"},"img":{"alt_text":"","src":"","width":0,"height":0},"classes":[]},{"id":3552,"url":"https:\/\/news.lamprecht.net\/index.php\/datenschutzbelehrung\/","url_meta":{"origin":1856,"position":3},"title":"Datenschutzbelehrung","author":"Stephan Lamprecht, Ahrensburg","date":"19\/5\/2018","format":false,"excerpt":"Verantwortlicher Stephan Lamprecht Waldstr. 11 22926 Ahrensburg info@lamprecht.net Datenschutz ist mir wichtig. Deswegen erl\u00e4utere ich Ihnen gern, was mit Ihren Daten passiert. Hosting (Zugriff auf dieses Angebot) Diese Seiten nutzen die Hosting-Leistungen eines Providers. Er stellt Speicherplatz, Rechenkapazit\u00e4t, Datenbanken und Wartungsdienstleistungen zur Verf\u00fcgung. Diese sind f\u00fcr den Betrieb dieses Angebots\u2026","rel":"","context":"\u00c4hnlicher Beitrag","block_context":{"text":"\u00c4hnlicher Beitrag","link":""},"img":{"alt_text":"","src":"","width":0,"height":0},"classes":[]}],"_links":{"self":[{"href":"https:\/\/news.lamprecht.net\/index.php\/wp-json\/wp\/v2\/pages\/1856","targetHints":{"allow":["GET"]}}],"collection":[{"href":"https:\/\/news.lamprecht.net\/index.php\/wp-json\/wp\/v2\/pages"}],"about":[{"href":"https:\/\/news.lamprecht.net\/index.php\/wp-json\/wp\/v2\/types\/page"}],"author":[{"embeddable":true,"href":"https:\/\/news.lamprecht.net\/index.php\/wp-json\/wp\/v2\/users\/2"}],"replies":[{"embeddable":true,"href":"https:\/\/news.lamprecht.net\/index.php\/wp-json\/wp\/v2\/comments?post=1856"}],"version-history":[{"count":2,"href":"https:\/\/news.lamprecht.net\/index.php\/wp-json\/wp\/v2\/pages\/1856\/revisions"}],"predecessor-version":[{"id":2214,"href":"https:\/\/news.lamprecht.net\/index.php\/wp-json\/wp\/v2\/pages\/1856\/revisions\/2214"}],"wp:attachment":[{"href":"https:\/\/news.lamprecht.net\/index.php\/wp-json\/wp\/v2\/media?parent=1856"}],"curies":[{"name":"wp","href":"https:\/\/api.w.org\/{rel}","templated":true}]}}