{"id":1593,"date":"2009-09-04T12:33:29","date_gmt":"2009-09-04T10:33:29","guid":{"rendered":"https:\/\/news.lamprecht.net\/?page_id=1593"},"modified":"2018-05-01T14:22:47","modified_gmt":"2018-05-01T12:22:47","slug":"kontakt","status":"publish","type":"page","link":"https:\/\/news.lamprecht.net\/index.php\/kontakt\/","title":{"rendered":"Kontakt"},"content":{"rendered":"\n<div class=\"wpcf7 no-js\" id=\"wpcf7-f2245-o1\" lang=\"en-US\" dir=\"ltr\" data-wpcf7-id=\"2245\">\n<div class=\"screen-reader-response\"><p role=\"status\" aria-live=\"polite\" aria-atomic=\"true\"><\/p> <ul><\/ul><\/div>\n<form action=\"\/index.php\/wp-json\/wp\/v2\/pages\/1593#wpcf7-f2245-o1\" method=\"post\" class=\"wpcf7-form init\" aria-label=\"Contact form\" novalidate=\"novalidate\" data-status=\"init\">\n<div style=\"display: none;\">\n<input type=\"hidden\" name=\"_wpcf7\" value=\"2245\" \/>\n<input type=\"hidden\" name=\"_wpcf7_version\" value=\"6.0.6\" \/>\n<input type=\"hidden\" name=\"_wpcf7_locale\" value=\"en_US\" \/>\n<input type=\"hidden\" name=\"_wpcf7_unit_tag\" value=\"wpcf7-f2245-o1\" \/>\n<input type=\"hidden\" name=\"_wpcf7_container_post\" value=\"0\" \/>\n<input type=\"hidden\" name=\"_wpcf7_posted_data_hash\" value=\"\" \/>\n<\/div>\n<p>Ihre Name (Pflichtfeld)\n<\/p>\n<p><span class=\"wpcf7-form-control-wrap\" data-name=\"your-name\"><input size=\"40\" maxlength=\"400\" class=\"wpcf7-form-control wpcf7-text wpcf7-validates-as-required\" aria-required=\"true\" aria-invalid=\"false\" value=\"\" type=\"text\" name=\"your-name\" \/><\/span>\n<\/p>\n<p>Ihre Email (Pflichtfeld)\n<\/p>\n<p><span class=\"wpcf7-form-control-wrap\" data-name=\"your-email\"><input size=\"40\" maxlength=\"400\" class=\"wpcf7-form-control wpcf7-email wpcf7-validates-as-required wpcf7-text wpcf7-validates-as-email\" aria-required=\"true\" aria-invalid=\"false\" value=\"\" type=\"email\" name=\"your-email\" \/><\/span>\n<\/p>\n<p>Betreff\n<\/p>\n<p><span class=\"wpcf7-form-control-wrap\" data-name=\"your-subject\"><input size=\"40\" maxlength=\"400\" class=\"wpcf7-form-control wpcf7-text\" aria-invalid=\"false\" value=\"\" type=\"text\" name=\"your-subject\" \/><\/span>\n<\/p>\n<p>Ihre Nachricht\n<\/p>\n<p><span class=\"wpcf7-form-control-wrap\" data-name=\"your-message\"><textarea cols=\"40\" rows=\"10\" maxlength=\"2000\" class=\"wpcf7-form-control wpcf7-textarea\" aria-invalid=\"false\" name=\"your-message\"><\/textarea><\/span>\n<\/p>\n<p><span class=\"wpcf7-form-control-wrap wpgdprc\"><span class=\"wpcf7-form-control wpcf7-wpgdprc wpcf7-validates-as-required\"><span class=\"wpcf7-list-item\"><input type=\"checkbox\" name=\"wpgdprc\" value=\"1\" aria-required=\"true\" aria-invalid=\"false\" \/><span class=\"wpcf7-list-item-label\">Mit der Nutzung dieses Formulars erkl\u00e4rst du dich mit der Speicherung und Verarbeitung deiner Daten durch diese Website einverstanden.<\/span><\/span><\/span>    <\/span>\n<\/p>\n<p><input class=\"wpcf7-form-control wpcf7-submit has-spinner\" type=\"submit\" value=\"Senden\" \/>\n<\/p><div class=\"wpcf7-response-output\" aria-hidden=\"true\"><\/div>\n<\/form>\n<\/div>\n\n","protected":false},"excerpt":{"rendered":"","protected":false},"author":2,"featured_media":0,"parent":0,"menu_order":98,"comment_status":"closed","ping_status":"closed","template":"","meta":{"advanced_seo_description":"","jetpack_seo_html_title":"","jetpack_seo_noindex":false,"footnotes":""},"class_list":["post-1593","page","type-page","status-publish","hentry"],"wppr_data":{"cwp_meta_box_check":"No"},"jetpack_shortlink":"https:\/\/wp.me\/POKED-pH","jetpack_sharing_enabled":true,"jetpack-related-posts":[{"id":244,"url":"https:\/\/news.lamprecht.net\/index.php\/impressum\/","url_meta":{"origin":1593,"position":0},"title":"Impressum","author":"Stephan Lamprecht, Ahrensburg","date":"17\/7\/2005","format":false,"excerpt":"Impressum Angaben gem\u00e4\u00df \u00a7 5 TMG Stephan Lamprecht Waldstr. 11 22926 Ahrensburg Vertreten durch: Stephan Lamprecht Kontakt: Telefon: 04102-200830 E-Mail: info@lamprecht.net Umsatzsteuer-ID: Umsatzsteuer-Identifikationsnummer gem\u00e4\u00df \u00a727a Umsatzsteuergesetz: DE283008941 Verantwortlich f\u00fcr den Inhalt nach \u00a7 55 Abs. 2 RStV: Stephan Lamprecht Waldstr. 11 22926 Ahrensburg Haftungsausschluss: Google Analytics Diese Website benutzt Google\u2026","rel":"","context":"In &quot;allgemein&quot;","block_context":{"text":"allgemein","link":"https:\/\/news.lamprecht.net\/index.php\/category\/stamm\/allgemein\/"},"img":{"alt_text":"","src":"","width":0,"height":0},"classes":[]},{"id":245,"url":"https:\/\/news.lamprecht.net\/index.php\/about\/","url_meta":{"origin":1593,"position":1},"title":"Wer schreibt hier?","author":"Stephan Lamprecht, Ahrensburg","date":"17\/7\/2005","format":false,"excerpt":"Seit Anfang der 90er Jahre arbeite ich erfolgreich als Journalist, Autor und Dozent. Einen meiner Schwerpunkte bilden IT und Technik. Ich schreibe aber auch gern \u00fcber Geschichte und Literatur (das habe ich mal studiert), Zeitmanagement und E-Commerce. 1996 habe ich einen der ersten deutschsprachigen Titel zum Thema Marketing im Internet\u2026","rel":"","context":"In &quot;allgemein&quot;","block_context":{"text":"allgemein","link":"https:\/\/news.lamprecht.net\/index.php\/category\/stamm\/allgemein\/"},"img":{"alt_text":"","src":"","width":0,"height":0},"classes":[]},{"id":1856,"url":"https:\/\/news.lamprecht.net\/index.php\/meine-homepage\/","url_meta":{"origin":1593,"position":2},"title":"Meine Homepage","author":"Stephan Lamprecht, Ahrensburg","date":"19\/4\/2010","format":false,"excerpt":"http:\/\/www.lamprecht.net","rel":"","context":"In &quot;allgemein&quot;","block_context":{"text":"allgemein","link":"https:\/\/news.lamprecht.net\/index.php\/category\/stamm\/allgemein\/"},"img":{"alt_text":"","src":"","width":0,"height":0},"classes":[]},{"id":3552,"url":"https:\/\/news.lamprecht.net\/index.php\/datenschutzbelehrung\/","url_meta":{"origin":1593,"position":3},"title":"Datenschutzbelehrung","author":"Stephan Lamprecht, Ahrensburg","date":"19\/5\/2018","format":false,"excerpt":"Verantwortlicher Stephan Lamprecht Waldstr. 11 22926 Ahrensburg info@lamprecht.net Datenschutz ist mir wichtig. Deswegen erl\u00e4utere ich Ihnen gern, was mit Ihren Daten passiert. Hosting (Zugriff auf dieses Angebot) Diese Seiten nutzen die Hosting-Leistungen eines Providers. Er stellt Speicherplatz, Rechenkapazit\u00e4t, Datenbanken und Wartungsdienstleistungen zur Verf\u00fcgung. Diese sind f\u00fcr den Betrieb dieses Angebots\u2026","rel":"","context":"\u00c4hnlicher Beitrag","block_context":{"text":"\u00c4hnlicher Beitrag","link":""},"img":{"alt_text":"","src":"","width":0,"height":0},"classes":[]}],"_links":{"self":[{"href":"https:\/\/news.lamprecht.net\/index.php\/wp-json\/wp\/v2\/pages\/1593","targetHints":{"allow":["GET"]}}],"collection":[{"href":"https:\/\/news.lamprecht.net\/index.php\/wp-json\/wp\/v2\/pages"}],"about":[{"href":"https:\/\/news.lamprecht.net\/index.php\/wp-json\/wp\/v2\/types\/page"}],"author":[{"embeddable":true,"href":"https:\/\/news.lamprecht.net\/index.php\/wp-json\/wp\/v2\/users\/2"}],"replies":[{"embeddable":true,"href":"https:\/\/news.lamprecht.net\/index.php\/wp-json\/wp\/v2\/comments?post=1593"}],"version-history":[{"count":8,"href":"https:\/\/news.lamprecht.net\/index.php\/wp-json\/wp\/v2\/pages\/1593\/revisions"}],"predecessor-version":[{"id":3543,"href":"https:\/\/news.lamprecht.net\/index.php\/wp-json\/wp\/v2\/pages\/1593\/revisions\/3543"}],"wp:attachment":[{"href":"https:\/\/news.lamprecht.net\/index.php\/wp-json\/wp\/v2\/media?parent=1593"}],"curies":[{"name":"wp","href":"https:\/\/api.w.org\/{rel}","templated":true}]}}